{"id":7459,"date":"2026-01-09T13:18:14","date_gmt":"2026-01-09T13:18:14","guid":{"rendered":"https:\/\/staging.zootsolutions.eu\/ressourcen\/insights\/"},"modified":"2026-02-20T16:49:39","modified_gmt":"2026-02-20T16:49:39","slug":"insights","status":"publish","type":"page","link":"https:\/\/staging.zootsolutions.eu\/de\/ressourcen\/insights\/","title":{"rendered":"Insights Hub"},"content":{"rendered":"<p>[et_pb_section fb_built=&#8220;1&#8243; _builder_version=&#8220;4.27.4&#8243; _module_preset=&#8220;default&#8220; background_color=&#8220;#F9FAFB&#8220; custom_padding=&#8220;0px||0px||false|false&#8220; locked=&#8220;off&#8220; global_colors_info=&#8220;{}&#8220;][et_pb_row _builder_version=&#8220;4.27.4&#8243; _module_preset=&#8220;default&#8220; width=&#8220;100%&#8220; max_width=&#8220;1280px&#8220; custom_padding=&#8220;9px|32px|9px|32px|true|true&#8220; locked=&#8220;off&#8220; global_colors_info=&#8220;{}&#8220;][et_pb_column type=&#8220;4_4&#8243; _builder_version=&#8220;4.27.4&#8243; _module_preset=&#8220;default&#8220; global_colors_info=&#8220;{}&#8220;][dsm_breadcrumbs admin_label=&#8220;Breadcrumbs&#8220; _builder_version=&#8220;4.27.4&#8243; _module_preset=&#8220;_initial&#8220; global_colors_info=&#8220;{}&#8220;][\/dsm_breadcrumbs][\/et_pb_column][\/et_pb_row][\/et_pb_section][et_pb_section fb_built=&#8220;1&#8243; _builder_version=&#8220;4.27.4&#8243; _module_preset=&#8220;default&#8220; background_color=&#8220;#ffffff&#8220; custom_padding=&#8220;0px||0px||false|false&#8220; locked=&#8220;off&#8220; global_colors_info=&#8220;{}&#8220;][et_pb_row custom_padding_last_edited=&#8220;on|phone&#8220; _builder_version=&#8220;4.27.4&#8243; _module_preset=&#8220;default&#8220; width=&#8220;100%&#8220; max_width=&#8220;717px&#8220; custom_padding=&#8220;96px|32px|96px|32px|true|true&#8220; custom_padding_tablet=&#8220;||||true|false&#8220; custom_padding_phone=&#8220;|16px||16px|true|true&#8220; global_colors_info=&#8220;{}&#8220;][et_pb_column type=&#8220;4_4&#8243; _builder_version=&#8220;4.27.4&#8243; _module_preset=&#8220;default&#8220; global_colors_info=&#8220;{}&#8220;][et_pb_text admin_label=&#8220;Intro Text&#8220; _builder_version=&#8220;4.27.4&#8243; _module_preset=&#8220;default&#8220; text_font=&#8220;Mulish||||||||&#8220; text_text_color=&#8220;#333333&#8243; text_font_size=&#8220;2rem&#8220; text_line_height=&#8220;3rem&#8220; header_font=&#8220;Mulish|700||on|||||&#8220; header_text_color=&#8220;#333333&#8243; header_font_size=&#8220;2.4rem&#8220; header_letter_spacing=&#8220;-0.48px&#8220; header_line_height=&#8220;2.8rem&#8220; custom_margin=&#8220;||0px||false|false&#8220; custom_padding=&#8220;||59px||false|false&#8220; custom_css_free_form=&#8220;h1 {||  padding-bottom: 12px;||}&#8220; global_colors_info=&#8220;{}&#8220;]<\/p>\n<h1>Insights Hub<\/h1>\n<p class=\"p1\">Gewinnen Sie mit Zoot fundierte Einblicke in Kreditentscheidungen, Risikosteuerung und Innovationen im digitalen Kreditgesch\u00e4ft. Lesen Sie unsere aktuellen Blogbeitr\u00e4ge und Fachberichte, sehen Sie sich Live- und On-Demand-Webinare an und bleiben Sie \u00fcber bevorstehende Branchenveranstaltungen sowie Partnerschaften informiert.<\/p>\n<p>[\/et_pb_text][et_pb_button button_url=&#8220;#sectionAnchor&#8220; button_text=&#8220;Alle Insights anzeigen&#8220; admin_label=&#8220;Start Exploring BTN&#8220; _builder_version=&#8220;4.27.4&#8243; _module_preset=&#8220;default&#8220; custom_button=&#8220;on&#8220; button_text_size=&#8220;1.8rem&#8220; button_text_color=&#8220;#293868&#8243; button_bg_color=&#8220;RGBA(255,255,255,0)&#8220; button_border_color=&#8220;RGBA(255,255,255,0)&#8220; button_border_radius=&#8220;0px&#8220; button_font=&#8220;Mulish|700|||||||&#8220; button_icon=&#8220;&#x27;||divi||400&#8243; button_on_hover=&#8220;off&#8220; custom_padding=&#8220;11px||15px|0px|false|false&#8220; custom_css_after=&#8220;content: url(&#8218;https:\/\/staging.zootsolutions.eu\/wp-content\/uploads\/2025\/09\/Zoot-arrow-icon_PC.svg&#8216;) !important;||height: 24px;||margin: 2px 0px 0px 8px !important;||transition: transform 0.3s ease, opacity 0.3s ease;&#8220; global_colors_info=&#8220;{}&#8220; button_bg_color__hover_enabled=&#8220;on|hover&#8220; custom_css_after__hover_enabled=&#8220;on|desktop&#8220; custom_css_after__hover=&#8220;transform: translate(2px, 4px);&#8220; button_bg_color__hover=&#8220;RGBA(255,255,255,0)&#8220;][\/et_pb_button][\/et_pb_column][\/et_pb_row][\/et_pb_section][et_pb_section fb_built=&#8220;1&#8243; module_id=&#8220;sectionAnchor&#8220; _builder_version=&#8220;4.27.4&#8243; _module_preset=&#8220;default&#8220; background_color=&#8220;#f9fafb&#8220; custom_padding=&#8220;96px||96px||true|false&#8220; global_colors_info=&#8220;{}&#8220;][et_pb_row custom_padding_last_edited=&#8220;on|phone&#8220; _builder_version=&#8220;4.27.4&#8243; _module_preset=&#8220;default&#8220; width=&#8220;100%&#8220; custom_padding=&#8220;30px|110px||110px|false|false&#8220; custom_padding_tablet=&#8220;|32px||32px|false|true&#8220; custom_padding_phone=&#8220;|16px||16px|false|true&#8220; global_colors_info=&#8220;{}&#8220;][et_pb_column type=&#8220;4_4&#8243; _builder_version=&#8220;4.27.4&#8243; _module_preset=&#8220;default&#8220; global_colors_info=&#8220;{}&#8220;][dpdfg_filtergrid custom_query=&#8220;advanced&#8220; post_number=&#8220;8&#8243; thumbnail_size=&#8220;510&#215;382&#8243; use_overlay=&#8220;off&#8220; title_link=&#8220;on&#8220; meta_separator=&#8220; &#8220; show_author=&#8220;off&#8220; show_date=&#8220;on&#8220; date_format=&#8220;j F Y&#8220; show_terms=&#8220;on&#8220; show_content=&#8220;on&#8220; strip_html=&#8220;off&#8220; show_custom_fields=&#8220;on&#8220; custom_fields=&#8220;%91{%22name%22:%22reading_time%22,%22label%22:%22%22}%93&#8243; multilevel=&#8220;on&#8220; multilevel_relation=&#8220;OR&#8220; multilevel_tax_data=&#8220;%91{%22name%22:%22category%22,%22label%22:%22 Bitte ausw\u00e4hlen%22,%22all%22:%22%22},{%22name%22:%22post_tag%22,%22label%22:%22Bitte ausw\u00e4hlen%22,%22all%22:%22All Content Types%22}%93&#8243; clear_filters=&#8220;on&#8220; clear_filters_text=&#8220;Filter zur\u00fccksetzen&#8220; filter_layout=&#8220;select&#8220; multifilter=&#8220;on&#8220; previous_icon=&#8220;&#x23;||divi||400&#8243; next_icon=&#8220;&#x24;||divi||400&#8243; previous_text=&#8220;Vorher&#8220; next_text=&#8220;N\u00e4chste&#8220; filters_width=&#8220;2&#8243; container_layout=&#8220;dp-dfg-skin-left-vertical-filters&#8220; items_layout=&#8220;dp-dfg-layout-flex&#8220; items_width_flex=&#8220;383px&#8220; row_gutter_flex=&#8220;32px&#8220; primary_view=&#8220;%91{%22name%22:%22thumbnail%22,%22show%22:%22on%22},{%22name%22:%22overlay%22,%22show%22:%22on%22},{%22name%22:%22title%22,%22show%22:%22off%22},{%22name%22:%22content%22,%22show%22:%22off%22},{%22name%22:%22meta%22,%22show%22:%22off%22},{%22name%22:%22ext%22,%22show%22:%22off%22},{%22name%22:%22custom_content%22,%22show%22:%22off%22},{%22name%22:%22action_button%22,%22show%22:%22off%22},{%22name%22:%22read_more_button%22,%22show%22:%22off%22}%93&#8243; secondary_view=&#8220;%91{%22name%22:%22thumbnail%22,%22show%22:%22off%22},{%22name%22:%22title%22,%22show%22:%22on%22},{%22name%22:%22content%22,%22show%22:%22on%22},{%22name%22:%22meta%22,%22show%22:%22on%22},{%22name%22:%22ext%22,%22show%22:%22on%22},{%22name%22:%22action_button%22,%22show%22:%22on%22},{%22name%22:%22read_more_button%22,%22show%22:%22on%22},{%22name%22:%22custom_content%22,%22show%22:%22on%22}%93&#8243; dfg_loader=&#8220;c3&#8243; show_search=&#8220;on&#8220; search_placeholder=&#8220;Suchen&#8220; bg_search=&#8220;RGBA(255,255,255,0)&#8220; bg_search_icon=&#8220;RGBA(255,255,255,0)&#8220; bg_items=&#8220;#ffffff&#8220; bg_filters=&#8220;#ffffff&#8220; bg_filter_active=&#8220;#ffffff&#8220; bg_sorting=&#8220;#ffffff&#8220; bg_sorting_active=&#8220;#ffffff&#8220; bg_pagination=&#8220;RGBA(255,255,255,0)&#8220; bg_pagination_active=&#8220;RGBA(255,255,255,0)&#8220; filters_width_tablet=&#8220;2&#8243; items_width_flex_tablet=&#8220;100%&#8220; items_width_flex_phone=&#8220;100%&#8220; _builder_version=&#8220;4.27.4&#8243; _module_preset=&#8220;default&#8220; dpdfg_entry_title_font=&#8220;Mulish|700|||||||&#8220; dpdfg_entry_title_text_color=&#8220;#333333&#8243; dpdfg_entry_title_font_size=&#8220;2.4rem&#8220; dpdfg_entry_title_letter_spacing=&#8220;-0.48px&#8220; dpdfg_entry_title_line_height=&#8220;2.8rem&#8220; dpdfg_entry_meta_font=&#8220;Museo Sans &#8211; Regular||||||||&#8220; dpdfg_entry_meta_text_color=&#8220;#595959&#8243; dpdfg_entry_meta_font_size=&#8220;1.4rem&#8220; dpdfg_entry_meta_line_height=&#8220;2rem&#8220; dpdfg_entry_summary_font=&#8220;Museo Sans &#8211; Regular||||||||&#8220; dpdfg_entry_summary_text_color=&#8220;#595959&#8243; dpdfg_entry_summary_font_size=&#8220;1.4rem&#8220; dpdfg_search_font=&#8220;Museo Sans &#8211; Regular||||||||&#8220; dpdfg_search_text_color=&#8220;#667085&#8243; dpdfg_search_font_size=&#8220;1.6rem&#8220; dpdfg_search_line_height=&#8220;2.4rem&#8220; dpdfg_filters_font=&#8220;Museo Sans &#8211; Regular||||||||&#8220; dpdfg_filters_text_color=&#8220;#667085&#8243; dpdfg_filters_font_size=&#8220;1.4rem&#8220; dpdfg_filters_line_height=&#8220;2.4rem&#8220; dpdfg_filters_active_font=&#8220;Museo Sans &#8211; Semibold||||||||&#8220; dpdfg_filters_active_text_color=&#8220;#333333&#8243; dpdfg_filters_active_font_size=&#8220;1.4rem&#8220; dpdfg_filters_active_line_height=&#8220;2.4rem&#8220; dpdfg_levels_labels_font=&#8220;Museo Sans &#8211; Regular||||||||&#8220; dpdfg_levels_labels_text_color=&#8220;#667085&#8243; dpdfg_levels_labels_font_size=&#8220;1.4rem&#8220; dpdfg_levels_labels_line_height=&#8220;2.4rem&#8220; dpdfg_dropdown_labels_font=&#8220;Museo Sans &#8211; Regular||||||||&#8220; dpdfg_dropdown_labels_text_color=&#8220;#667085&#8243; dpdfg_dropdown_labels_font_size=&#8220;1.4rem&#8220; dpdfg_dropdown_labels_line_height=&#8220;2.4rem&#8220; dpdfg_dropdown_tags_font=&#8220;Museo Sans &#8211; Regular||||||||&#8220; dpdfg_dropdown_tags_text_color=&#8220;#667085&#8243; dpdfg_dropdown_tags_font_size=&#8220;1.4rem&#8220; dpdfg_dropdown_tags_line_height=&#8220;2.4rem&#8220; dpdfg_pagination_font=&#8220;Mulish|700|||||||&#8220; dpdfg_pagination_text_color=&#8220;#3e3e3e&#8220; dpdfg_pagination_font_size=&#8220;1.6rem&#8220; dpdfg_pagination_line_height=&#8220;2.4rem&#8220; dpdfg_pagination_active_font=&#8220;Mulish|700|||||||&#8220; dpdfg_pagination_active_text_color=&#8220;#425AA8&#8243; dpdfg_pagination_active_font_size=&#8220;1.6rem&#8220; dpdfg_pagination_active_line_height=&#8220;2.4rem&#8220; background_enable_color=&#8220;off&#8220; custom_read_more_button=&#8220;on&#8220; read_more_button_text_size=&#8220;1.4rem&#8220; read_more_button_text_color=&#8220;#595959&#8243; read_more_button_border_width=&#8220;0px&#8220; read_more_button_border_radius=&#8220;0px&#8220; read_more_button_font=&#8220;Museo Sans &#8211; Regular||||||||&#8220; read_more_button_icon=&#8220;&#x26;||divi||400&#8243; read_more_button_on_hover=&#8220;off&#8220; read_more_button_custom_padding=&#8220;0px|0px|0px|0px|false|false&#8220; custom_clear_filters_button=&#8220;on&#8220; clear_filters_button_text_size=&#8220;1.4rem&#8220; clear_filters_button_text_color=&#8220;#293868&#8243; clear_filters_button_bg_color=&#8220;RGBA(255,255,255,0)&#8220; clear_filters_button_border_width=&#8220;1px&#8220; clear_filters_button_border_color=&#8220;#293868&#8243; clear_filters_button_border_radius=&#8220;27px&#8220; clear_filters_button_font=&#8220;Museo Sans &#8211; Regular||||||||&#8220; clear_filters_button_use_icon=&#8220;off&#8220; clear_filters_button_custom_padding=&#8220;2px|10px|2px|10px|true|true&#8220; hover_enabled=&#8220;0&#8243; custom_css_free_form=&#8220;\/* Search CSS *\/||selector .dp-dfg-search {||  background-color: #fff;||  border-radius: 8px;||  padding: 10px 14px;||}||selector span.et-pb-icon.dp-dfg-search-icon {||  background-color: transparent !important;||}||selector .dp-dfg-search-input {||  padding: 0px;||  border: none;||  margin-left: 8px;||}||selector span.et-pb-icon.dp-dfg-search-icon {||  background-image: url(%22https:\/\/staging.zootsolutions.eu\/wp-content\/uploads\/2025\/11\/search-lg.svg%22);||  background-repeat: no-repeat;||  background-size: contain;||  width: 20px !important;||  height: 20px;||  margin-top: 2px;||  color: transparent;||}||selector .dp-dfg-search-input::placeholder {||  font-family: &#8218;Museo Sans &#8211; Regular&#8216;;||  font-size: 1.6rem;||  color: #667085;||}||||\/* Filters CSS *\/||selector .dp-dfg-filters-dropdown:nth-of-type(1)::before{||  display: block;||  content: &#8218;Kategorie&#8216;;||  font-family: MuseoSans_900;||  font-size: 1.6rem;||  color: #293868;||  margin-bottom: 15px;||}||selector .dp-dfg-filters-dropdown:nth-of-type(2)::before{||  display: block;||  content: &#8218;Thema&#8216;;||  font-family: MuseoSans_900;||  font-size: 1.6rem;||  color: #293868;||  margin-bottom: 15px;||}||||@media only screen and (min-width:700px) {||selector .dp-dfg-dropdown-label::after {||  display: none !important;||}||}||||selector .dp-dfg-filters-dropdown {||  margin-bottom: 1em !important;||}||selector .dp-dfg-dropdown-label {||  padding: 10px 14px !important;||  border: 1px solid #D0D5DD !important;||  border-radius: 8px;||}||selector .dp-dfg-filter-link {||  padding: 5px 14px !important;||}||selector .dp-dfg-filter-link.active {||  color: #333 !important;||  font-weight: bold !important;||}||||\/* Filter Dropdown CSS *\/||selector .dp-dfg-level {||  text-align: left !important;||  border: 1px solid #D0D5DD;||  border-radius: 8px;||}||selector .dp-dfg-dropdown-tag {||  border: 0.5px solid #293868;||  border-radius: 28px;||}||selector .dp-dfg-dropdown-tag:hover:after {||  background-color: #6083F4 !important;||  border-radius: 28px;||}||selector .dp-dfg-dropdown-tag {||  padding: 5px 10px !important;||} ||||\/* Article Container CSS &#8211; Desktop *\/||@media only screen and (min-width: 980px) and (max-width: 1387px) {||selector  div.dp-dfg-items {||    max-width: 930px;||    padding: 0px;||  \tjustify-content: center !important;||  }||selector  .dp-dfg-layout-flex .dp-dfg-item {||    margin-bottom: 0px !important;||  }||}||@media only screen and (min-width: 1388px) {||selector  div.dp-dfg-items {||    max-width: 930px;||    padding: 0 69.5px;||  }||selector  .dp-dfg-layout-flex .dp-dfg-item {||    margin-bottom: 0px !important;||  }||}||||\/* Meta Fields CSS &#8211; Desktop *\/||@media only screen and (min-width: 980px) {|| selector .dp-dfg-meta.entry-meta {||    position: absolute;||    height: 100%;||    width: 100%;||    padding: 21px 10px;||  }|| selector .dp-dfg-meta .published {||    position: absolute;||    bottom: 16px;||  }|| selector .dp-dfg-meta .terms {||    float: right;||  }|| selector .dp-dfg-meta .terms a.term-link {||    color: #fff !important;||    pointer-events: none;||  }||  selector .dp-dfg-meta .terms a {||    border: 0.5px solid #fff;||    border-radius: 27px;||    padding: 5px 10px;||    background: rgba(0, 0, 0, 0.20);||  }||  selector article div.dp-dfg-custom-content {||    position: absolute;||    bottom: 0px;||    right: 10px;||  }||}||||\/* Clear Filter CSS *\/||selector .dp-dfg-filter-actions .et_pb_button_wrapper {||  margin-top: 16px;||  text-align: left;||}||||||\/* Article Time *\/||selector .dp-dfg-custom-field-value::after {||  content: &#8220;;||  display: inline-block;||  background-image: url(&#8218;https:\/\/staging.zootsolutions.eu\/wp-content\/uploads\/2025\/10\/Zoot_dark_arrow.svg&#8216;);||  background-repeat: no-repeat;||  background-size: contain;||  width: 7px !important;||  height: 7px;||  margin-left: 8px;||}||||\/* Pagination *\/||selector .dp-dfg-pagination .pagination a.pagination-link {||  border: none;||  padding: 10px;||}||selector .dp-dfg-pagination ul.pagination {||  margin: 32px auto;||  border: 1px solid #ABABAB;||  border-radius: 35px;||  padding: 0px 16px;||  width: fit-content;||  max-width: 428px;||  display: flex;||  gap: 10px;||  align-items: center;||}||selector .pagination-link span.et-pb-icon {||  font-size: 12px !important;||  padding: 8px;||}&#8220; custom_css_dp-dfg-search=&#8220;flex-direction: row-reverse;||border: 1px solid #D0D5DD;||&#8220; custom_css_dp-dfg-items=&#8220;gap: 25px;||&#8220; custom_css_dp-dfg-item=&#8220;height: 488px;&#8220; custom_css_entry-thumb-container=&#8220;margin-bottom: 16px;&#8220; custom_css_entry-thumb=&#8220;padding-bottom: 0px;&#8220; custom_css_entry-header=&#8220;height: 65px;||line-height: 28px;||overflow: hidden;||display: -webkit-box;||-webkit-line-clamp: 2;||-webkit-box-orient: vertical;||padding-bottom: 8px;&#8220; custom_css_entry-summary=&#8220;  height: 60px;||\tdisplay: -webkit-box;||  -webkit-line-clamp: 2;||  -webkit-box-orient: vertical;||  overflow: hidden;||  text-overflow: ellipsis;&#8220; custom_css_entry-cf=&#8220;font-family: &#8218;Museo Sans &#8211; Regular&#8216;;||font-size: 1.4rem;||line-height: 2rem;||color: #595959;||text-transform: capitalize;||padding: 0px;&#8220; border_radii=&#8220;on|8px|8px|8px|8px&#8220; border_width_all=&#8220;0px&#8220; global_colors_info=&#8220;{}&#8220; clear_filters_button_bg_color__hover_enabled=&#8220;on|desktop&#8220; clear_filters_button_border_width__hover_enabled=&#8220;on|hover&#8220; clear_filters_button_border_width__hover=&#8220;1px&#8220; clear_filters_button_bg_color__hover=&#8220;RGBA(255,255,255,0)&#8220; clear_filters_button_custom_padding__hover_enabled=&#8220;on|desktop&#8220; read_more_button_bg_color__hover_enabled=&#8220;on|desktop&#8220; read_more_button_border_width__hover_enabled=&#8220;on|desktop&#8220; read_more_button_bg_color__hover=&#8220;RGBA(255,255,255,0)&#8220; read_more_button_bg_enable_color__hover=&#8220;on&#8220; clear_filters_button_custom_padding__hover=&#8220;2px|10px|2px|10px|true|true&#8220; read_more_button_border_width__hover=&#8220;0px&#8220; custom_css_dp-dfg-item_last_edited=&#8220;on|desktop&#8220; custom_css_dp-dfg-item_tablet=&#8220;height: auto;&#8220; custom_css_dp-dfg-item_phone=&#8220;height: auto;&#8220; filters_sort=&#8220;name&#8220; sticky_enabled=&#8220;0&#8243;][\/dpdfg_filtergrid][\/et_pb_column][\/et_pb_row][\/et_pb_section][et_pb_section fb_built=&#8220;1&#8243; _builder_version=&#8220;4.27.4&#8243; _module_preset=&#8220;default&#8220; background_color=&#8220;#231f20&#8243; custom_padding=&#8220;48px||48px||false|false&#8220; global_colors_info=&#8220;{}&#8220;][et_pb_row column_structure=&#8220;2_3,1_3&#8243; use_custom_gutter=&#8220;on&#8220; gutter_width=&#8220;1&#8243; make_equal=&#8220;on&#8220; _builder_version=&#8220;4.27.4&#8243; _module_preset=&#8220;default&#8220; width=&#8220;100%&#8220; max_width=&#8220;1280px&#8220; custom_padding=&#8220;0px|32px|0px|32px|false|false&#8220; global_colors_info=&#8220;{}&#8220;][et_pb_column type=&#8220;2_3&#8243; _builder_version=&#8220;4.27.4&#8243; _module_preset=&#8220;default&#8220; custom_padding_tablet=&#8220;||16px||false|false&#8220; custom_padding_phone=&#8220;||||false|false&#8220; custom_padding_last_edited=&#8220;on|desktop&#8220; custom_css_main_element=&#8220;margin: auto;&#8220; global_colors_info=&#8220;{}&#8220; custom_css_main_element_last_edited=&#8220;off|desktop&#8220;][et_pb_text admin_label=&#8220;CTA Text&#8220; _builder_version=&#8220;4.27.4&#8243; _module_preset=&#8220;default&#8220; text_font=&#8220;Museo Sans &#8211; Semibold||||||||&#8220; text_text_color=&#8220;#ffffff&#8220; text_font_size=&#8220;2rem&#8220; text_line_height=&#8220;2.8rem&#8220; custom_margin=&#8220;||0px||false|false&#8220; custom_padding_tablet=&#8220;&#8220; custom_padding_phone=&#8220;||32px||false|false&#8220; custom_padding_last_edited=&#8220;on|phone&#8220; global_colors_info=&#8220;{}&#8220;]<\/p>\n<p>Bereit f\u00fcr mehr Tempo, Kontrolle und Effizienz?<\/p>\n<p>[\/et_pb_text][\/et_pb_column][et_pb_column type=&#8220;1_3&#8243; _builder_version=&#8220;4.27.4&#8243; _module_preset=&#8220;default&#8220; background_enable_color=&#8220;off&#8220; custom_padding_tablet=&#8220;16px||||false|false&#8220; custom_padding_phone=&#8220;0px||||false|false&#8220; custom_padding_last_edited=&#8220;on|phone&#8220; custom_css_main_element=&#8220;display: flex;||gap: 10px;||justify-content: flex-end;&#8220; global_colors_info=&#8220;{}&#8220; custom_css_main_element_last_edited=&#8220;on|phone&#8220; custom_css_main_element_tablet=&#8220;display: flex;||gap: 10px;||justify-content: flex-start;&#8220; custom_css_main_element_phone=&#8220;display: flex;||justify-content: flex-start;||gap: 10px;&#8220;][et_pb_button button_url=&#8220;https:\/\/staging.zootsolutions.eu\/de\/demo\/&#8220; button_text=&#8220;Demo buchen&#8220; admin_label=&#8220;Book a Demo Btn&#8220; _builder_version=&#8220;4.27.4&#8243; _module_preset=&#8220;default&#8220; custom_button=&#8220;on&#8220; button_text_size=&#8220;1.6rem&#8220; button_text_color=&#8220;#c7dbff&#8220; button_bg_color=&#8220;#333333&#8243; button_border_width=&#8220;1px&#8220; button_border_color=&#8220;#4b4b4b&#8220; button_border_radius=&#8220;4px&#8220; button_font=&#8220;Mulish|700|||||||&#8220; button_use_icon=&#8220;off&#8220; custom_margin=&#8220;||0px||false|false&#8220; custom_padding=&#8220;6.4px|16px|6.4px|16px|true|true&#8220; global_colors_info=&#8220;{}&#8220; button_bg_color__hover_enabled=&#8220;on|hover&#8220; button_bg_color__hover=&#8220;#333333&#8243; button_bg_enable_color__hover=&#8220;on&#8220;][\/et_pb_button][et_pb_button button_url=&#8220;https:\/\/staging.zootsolutions.eu\/de\/contact\/&#8220; button_text=&#8220;Kontakt aufnehmen&#8220; admin_label=&#8220;Talk to Our Experts Btn&#8220; _builder_version=&#8220;4.27.4&#8243; _module_preset=&#8220;default&#8220; custom_button=&#8220;on&#8220; button_text_size=&#8220;1.6rem&#8220; button_text_color=&#8220;#ffffff&#8220; button_bg_color=&#8220;#00adee&#8220; button_border_width=&#8220;1px&#8220; button_border_color=&#8220;#00adee&#8220; button_border_radius=&#8220;4px&#8220; button_font=&#8220;Mulish|700|||||||&#8220; button_use_icon=&#8220;off&#8220; custom_margin=&#8220;||0px||false|false&#8220; custom_padding=&#8220;6.4px|16px|6.4px|16px|true|true&#8220; global_colors_info=&#8220;{}&#8220; button_bg_color__hover_enabled=&#8220;on|desktop&#8220; button_bg_color__hover=&#8220;#00adee&#8220;][\/et_pb_button][\/et_pb_column][\/et_pb_row][\/et_pb_section]<\/p>\n","protected":false},"excerpt":{"rendered":"<p>Whitepaper, Blogs, Videos und mehr: Eine zentrale Sammlung f\u00fcr Perspektiven, Praxiswissen und technologische Entwicklungen rund um Decisioning und Risiko. <\/p>\n","protected":false},"author":2,"featured_media":0,"parent":7140,"menu_order":38,"comment_status":"closed","ping_status":"closed","template":"","meta":{"_acf_changed":false,"_et_pb_use_builder":"on","_et_pb_old_content":"","_et_gb_content_width":"","iawp_total_views":26,"footnotes":""},"class_list":["post-7459","page","type-page","status-publish","hentry"],"acf":[],"_links":{"self":[{"href":"https:\/\/staging.zootsolutions.eu\/de\/wp-json\/wp\/v2\/pages\/7459","targetHints":{"allow":["GET"]}}],"collection":[{"href":"https:\/\/staging.zootsolutions.eu\/de\/wp-json\/wp\/v2\/pages"}],"about":[{"href":"https:\/\/staging.zootsolutions.eu\/de\/wp-json\/wp\/v2\/types\/page"}],"author":[{"embeddable":true,"href":"https:\/\/staging.zootsolutions.eu\/de\/wp-json\/wp\/v2\/users\/2"}],"replies":[{"embeddable":true,"href":"https:\/\/staging.zootsolutions.eu\/de\/wp-json\/wp\/v2\/comments?post=7459"}],"version-history":[{"count":0,"href":"https:\/\/staging.zootsolutions.eu\/de\/wp-json\/wp\/v2\/pages\/7459\/revisions"}],"up":[{"embeddable":true,"href":"https:\/\/staging.zootsolutions.eu\/de\/wp-json\/wp\/v2\/pages\/7140"}],"wp:attachment":[{"href":"https:\/\/staging.zootsolutions.eu\/de\/wp-json\/wp\/v2\/media?parent=7459"}],"curies":[{"name":"wp","href":"https:\/\/api.w.org\/{rel}","templated":true}]}}