{"id":5576,"date":"2025-10-13T12:58:42","date_gmt":"2025-10-13T12:58:42","guid":{"rendered":"https:\/\/staging.zootsolutions.eu\/demo\/"},"modified":"2026-02-09T09:16:14","modified_gmt":"2026-02-09T09:16:14","slug":"demo","status":"publish","type":"page","link":"https:\/\/staging.zootsolutions.eu\/de\/demo\/","title":{"rendered":"Demo"},"content":{"rendered":"<p>[et_pb_section fb_built=&#8220;1&#8243; module_id=&#8220;sectionAnchor&#8220; _builder_version=&#8220;4.27.4&#8243; _module_preset=&#8220;default&#8220; custom_padding=&#8220;96px||96px||true|false&#8220; global_colors_info=&#8220;{}&#8220;][et_pb_row custom_padding_last_edited=&#8220;on|phone&#8220; _builder_version=&#8220;4.27.4&#8243; _module_preset=&#8220;default&#8220; width=&#8220;100%&#8220; custom_padding=&#8220;0px|32px|0px|32px|false|true&#8220; custom_padding_tablet=&#8220;0px|32px|0px|32px|false|true&#8220; custom_padding_phone=&#8220;0px|16px|0px|16px|false|true&#8220; locked=&#8220;off&#8220; global_colors_info=&#8220;{}&#8220;][et_pb_column type=&#8220;4_4&#8243; _builder_version=&#8220;4.27.4&#8243; _module_preset=&#8220;default&#8220; global_colors_info=&#8220;{}&#8220;][et_pb_text _builder_version=&#8220;4.27.4&#8243; _module_preset=&#8220;default&#8220; header_2_font=&#8220;Crimson Pro|600|||||||&#8220; header_2_text_color=&#8220;#293868&#8243; header_2_font_size=&#8220;5rem&#8220; header_2_letter_spacing=&#8220;-1.16px&#8220; header_2_line_height=&#8220;6rem&#8220; header_6_font=&#8220;Mulish||||||||&#8220; header_6_text_color=&#8220;#293868&#8243; header_6_font_size=&#8220;2rem&#8220; header_6_line_height=&#8220;3rem&#8220; module_alignment=&#8220;center&#8220; custom_padding=&#8220;||50px||false|false&#8220; hover_enabled=&#8220;0&#8243; header_2_font_size_tablet=&#8220;5rem&#8220; header_2_font_size_phone=&#8220;3.6rem&#8220; header_2_font_size_last_edited=&#8220;on|desktop&#8220; header_2_letter_spacing_tablet=&#8220;-1.16px&#8220; header_2_letter_spacing_phone=&#8220;-0.72px&#8220; header_2_letter_spacing_last_edited=&#8220;on|desktop&#8220; header_2_line_height_tablet=&#8220;6rem&#8220; header_2_line_height_phone=&#8220;4rem&#8220; header_2_line_height_last_edited=&#8220;on|phone&#8220; custom_css_free_form=&#8220;selector h6 {||  max-width: 768px;||  margin: auto;||}&#8220; global_colors_info=&#8220;{}&#8220; sticky_enabled=&#8220;0&#8243; width=&#8220;70%&#8220;]<\/p>\n<h2 style=\"text-align: center;\">Der beste Weg, die Leistungsf\u00e4higkeit und Flexibilit\u00e4t von Zoot zu verstehen? Sehe unsere Produkte in Aktion.<\/h2>\n<h6 style=\"text-align: center;\">Pers\u00f6nliche Demo sichern und live erleben, wie bessere Entscheidungen entstehen. Kontaktdaten senden, den Rest \u00fcbernimmt das Team.<\/h6>\n<p>[\/et_pb_text][et_pb_code _builder_version=&#8220;4.27.4&#8243; _module_preset=&#8220;default&#8220; max_width=&#8220;1000px&#8220; module_alignment=&#8220;center&#8220; custom_margin=&#8220;0px||0px||false|false&#8220; custom_padding=&#8220;0px||0px||false|false&#8220; global_colors_info=&#8220;{}&#8220;]<script charset=\"utf-8\" type=\"text\/javascript\" src=\"\/\/js-eu1.hsforms.net\/forms\/embed\/v2.js\"><\/script><!-- [et_pb_line_break_holder] --><script><!-- [et_pb_line_break_holder] -->  hbspt.forms.create({<!-- [et_pb_line_break_holder] -->    portalId: \"146170234\",<!-- [et_pb_line_break_holder] -->    formId: \"63d6ee1f-aaa3-4aca-88bd-cc122d82ec25\",<!-- [et_pb_line_break_holder] -->    region: \"eu1\"<!-- [et_pb_line_break_holder] -->  });<!-- [et_pb_line_break_holder] --><\/script><!-- [et_pb_line_break_holder] -->[\/et_pb_code][\/et_pb_column][\/et_pb_row][\/et_pb_section]<\/p>\n","protected":false},"excerpt":{"rendered":"<p>Buchen Sie eine pers\u00f6nliche Demo der L\u00f6sung von Zoot. Erfahren Sie, wie Sie Origination, Entscheidungsfindung und Compliance mit einer flexiblen L\u00f6sung optimieren k\u00f6nnen. <\/p>\n","protected":false},"author":2,"featured_media":5571,"parent":0,"menu_order":29,"comment_status":"closed","ping_status":"closed","template":"","meta":{"_acf_changed":false,"_et_pb_use_builder":"on","_et_pb_old_content":"","_et_gb_content_width":"","iawp_total_views":1,"footnotes":""},"class_list":["post-5576","page","type-page","status-publish","has-post-thumbnail","hentry"],"acf":[],"_links":{"self":[{"href":"https:\/\/staging.zootsolutions.eu\/de\/wp-json\/wp\/v2\/pages\/5576","targetHints":{"allow":["GET"]}}],"collection":[{"href":"https:\/\/staging.zootsolutions.eu\/de\/wp-json\/wp\/v2\/pages"}],"about":[{"href":"https:\/\/staging.zootsolutions.eu\/de\/wp-json\/wp\/v2\/types\/page"}],"author":[{"embeddable":true,"href":"https:\/\/staging.zootsolutions.eu\/de\/wp-json\/wp\/v2\/users\/2"}],"replies":[{"embeddable":true,"href":"https:\/\/staging.zootsolutions.eu\/de\/wp-json\/wp\/v2\/comments?post=5576"}],"version-history":[{"count":0,"href":"https:\/\/staging.zootsolutions.eu\/de\/wp-json\/wp\/v2\/pages\/5576\/revisions"}],"wp:featuredmedia":[{"embeddable":true,"href":"https:\/\/staging.zootsolutions.eu\/de\/wp-json\/wp\/v2\/media\/5571"}],"wp:attachment":[{"href":"https:\/\/staging.zootsolutions.eu\/de\/wp-json\/wp\/v2\/media?parent=5576"}],"curies":[{"name":"wp","href":"https:\/\/api.w.org\/{rel}","templated":true}]}}